{"id":2189,"date":"2014-04-21T14:41:45","date_gmt":"2014-04-21T21:41:45","guid":{"rendered":"http:\/\/sandsautoregistration.com\/sandsauto\/?page_id=2189"},"modified":"2021-01-21T11:31:53","modified_gmt":"2021-01-21T19:31:53","slug":"contactenos","status":"publish","type":"page","link":"https:\/\/sandsautoregistration.com\/sandsauto\/contactenos\/","title":{"rendered":"Cont\u00e1ctenos"},"content":{"rendered":"<div class=\"row \">\n<div class=\"span12 \"><div class=\"google-map\"><iframe src=\"https:\/\/www.google.com\/maps\/embed?pb=!1m18!1m12!1m3!1d3311.983158498724!2d-118.16259768478919!3d33.89008758065044!2m3!1f0!2f0!3f0!3m2!1i1024!2i768!4f13.1!3m3!1m2!1s0x80c2ccd63e134153%3A0x137b150133553f0f!2s15731+Paramount+Blvd%2C+Paramount%2C+CA+90723!5e0!3m2!1sen!2sus!4v1505452529192\" frameborder=\"0\" width=\"100%\" height=\"300\" marginwidth=\"0\" marginheight=\"0\" scrolling=\"no\"><\/iframe><\/div><\/div>\n<div class=\"span4 \"><h2>Informaci\u00f3n de Contacto<\/h2>\n<h5>Fundado en el a\u00f1o 2000, S&S Auto Registration and Insurance Services, ha estado ayudando a conductores del sur de California con un \u00e9xito superior del 90% en las reconstrucciones de t\u00edtulos. <\/h5>\n<p>No espere en l\u00edneas en el DMV, S&S Auto Registration ofrece servicio el mismo d\u00eda y sin esperas. Somos considerados los mejores en el sur de California, venga y vea por usted mismo por qu\u00e9.<\/p>\n<p><img loading=\"lazy\" class=\"alignnone  wp-image-2141\" style=\"margin: 1px; border: 1px solid white;\" alt=\"S&amp;S-Auto-Building\" src=\"http:\/\/sandsautoregistration.com\/sandsauto\/wp-content\/uploads\/2014\/04\/SS-Auto-Building.jpg\" width=\"370\" height=\"179\" srcset=\"https:\/\/sandsautoregistration.com\/sandsauto\/wp-content\/uploads\/2014\/04\/SS-Auto-Building.jpg 800w, https:\/\/sandsautoregistration.com\/sandsauto\/wp-content\/uploads\/2014\/04\/SS-Auto-Building-300x145.jpg 300w\" sizes=\"(max-width: 370px) 100vw, 370px\" \/><br \/>\n<address>\n<strong><br \/>\nHoras de Negocio:<\/strong><\/p>\n<p><strong>Lunes - Viernes<\/strong><br \/>\n9:30 am - 6:00 pm<\/p>\n<p><strong>S\u00e1bado<\/strong><br \/>\n10:00 am - 1:00 pm<\/p>\n<\/address><!-- address (end) --><\/div>\n<div class=\"span8 \"><h2>Contact form<\/h2>\n<div role=\"form\" class=\"wpcf7\" id=\"wpcf7-f2252-o1\" lang=\"en-US\" dir=\"ltr\">\n<div class=\"screen-reader-response\"><p role=\"status\" aria-live=\"polite\" aria-atomic=\"true\"><\/p> <ul><\/ul><\/div>\n<form action=\"\/sandsauto\/wp-json\/wp\/v2\/pages\/2189#wpcf7-f2252-o1\" method=\"post\" class=\"wpcf7-form init\" novalidate=\"novalidate\" data-status=\"init\">\n<div style=\"display: none;\">\n<input type=\"hidden\" name=\"_wpcf7\" value=\"2252\" \/>\n<input type=\"hidden\" name=\"_wpcf7_version\" value=\"5.5.3\" \/>\n<input type=\"hidden\" name=\"_wpcf7_locale\" value=\"en_US\" \/>\n<input type=\"hidden\" name=\"_wpcf7_unit_tag\" value=\"wpcf7-f2252-o1\" \/>\n<input type=\"hidden\" name=\"_wpcf7_container_post\" value=\"0\" \/>\n<input type=\"hidden\" name=\"_wpcf7_posted_data_hash\" value=\"\" \/>\n<\/div>\n<div class=\"row-fluid\">\n<p class=\"span4 field\"><span class=\"wpcf7-form-control-wrap your-name\"><input type=\"text\" name=\"your-name\" value=\"\" size=\"40\" class=\"wpcf7-form-control wpcf7-text wpcf7-validates-as-required\" aria-required=\"true\" aria-invalid=\"false\" placeholder=\"Name:\" \/><\/span> <\/p>\n<p class=\"span4 field\"><span class=\"wpcf7-form-control-wrap your-email\"><input type=\"email\" name=\"your-email\" value=\"\" size=\"40\" class=\"wpcf7-form-control wpcf7-text wpcf7-email wpcf7-validates-as-required wpcf7-validates-as-email\" aria-required=\"true\" aria-invalid=\"false\" placeholder=\"E-mail:\" \/><\/span> <\/p>\n<p class=\"span4 field\"><span class=\"wpcf7-form-control-wrap your-phone\"><input type=\"tel\" name=\"your-phone\" value=\"\" size=\"40\" class=\"wpcf7-form-control wpcf7-text wpcf7-tel wpcf7-validates-as-required wpcf7-validates-as-tel\" aria-required=\"true\" aria-invalid=\"false\" placeholder=\"Phone:\" \/><\/span><\/p>\n<\/div>\n<div class=\"row-fluid\">\n(Por favor eliga su primera y segunda fecha de cita. Nos comunicaremos con usted para confirmar el tiempo de la cita. \u00a1Gracias!)<\/p>\n<p class=\"span4 field\"><span class=\"wpcf7-form-control-wrap date-526\"><input type=\"date\" name=\"date-526\" value=\"Date (1st Choice):\" class=\"wpcf7-form-control wpcf7-date wpcf7-validates-as-date\" aria-invalid=\"false\" \/><\/span> <\/p>\n<p class=\"span4 field\"><span class=\"wpcf7-form-control-wrap date-526\"><input type=\"date\" name=\"date-526\" value=\"Date (2nd Choice):\" class=\"wpcf7-form-control wpcf7-date wpcf7-validates-as-date\" aria-invalid=\"false\" \/><\/span> <\/p>\n<\/div>\n<p class=\"field\"><span class=\"wpcf7-form-control-wrap your-message\"><textarea name=\"your-message\" cols=\"40\" rows=\"10\" class=\"wpcf7-form-control wpcf7-textarea\" aria-invalid=\"false\" placeholder=\"Message:\"><\/textarea><\/span> <\/p>\n<p class=\"submit-wrap\"><input type=\"reset\" value=\"clear\" class=\"btn btn-primary\" \/><input type=\"submit\" value=\"send\" class=\"wpcf7-form-control has-spinner wpcf7-submit btn btn-primary\" \/><\/p>\n<div class=\"wpcf7-response-output\" aria-hidden=\"true\"><\/div><\/form><\/div><\/div>\n<\/div><!-- .row (end) -->\n","protected":false},"excerpt":{"rendered":"","protected":false},"author":1,"featured_media":0,"parent":0,"menu_order":6,"comment_status":"open","ping_status":"closed","template":"page-fullwidth.php","meta":[],"_links":{"self":[{"href":"https:\/\/sandsautoregistration.com\/sandsauto\/wp-json\/wp\/v2\/pages\/2189"}],"collection":[{"href":"https:\/\/sandsautoregistration.com\/sandsauto\/wp-json\/wp\/v2\/pages"}],"about":[{"href":"https:\/\/sandsautoregistration.com\/sandsauto\/wp-json\/wp\/v2\/types\/page"}],"author":[{"embeddable":true,"href":"https:\/\/sandsautoregistration.com\/sandsauto\/wp-json\/wp\/v2\/users\/1"}],"replies":[{"embeddable":true,"href":"https:\/\/sandsautoregistration.com\/sandsauto\/wp-json\/wp\/v2\/comments?post=2189"}],"version-history":[{"count":8,"href":"https:\/\/sandsautoregistration.com\/sandsauto\/wp-json\/wp\/v2\/pages\/2189\/revisions"}],"predecessor-version":[{"id":2308,"href":"https:\/\/sandsautoregistration.com\/sandsauto\/wp-json\/wp\/v2\/pages\/2189\/revisions\/2308"}],"wp:attachment":[{"href":"https:\/\/sandsautoregistration.com\/sandsauto\/wp-json\/wp\/v2\/media?parent=2189"}],"curies":[{"name":"wp","href":"https:\/\/api.w.org\/{rel}","templated":true}]}}